{"id":131,"date":"2023-04-13T14:01:20","date_gmt":"2023-04-13T17:01:20","guid":{"rendered":"https:\/\/nathaliareboucas.com.br\/?page_id=131"},"modified":"2023-04-18T16:34:54","modified_gmt":"2023-04-18T19:34:54","slug":"perfil","status":"publish","type":"page","link":"https:\/\/nathaliareboucas.com.br\/?page_id=131","title":{"rendered":"Perfil"},"content":{"rendered":"<div class=\"wp-block-image\">\n<figure class=\"alignright size-full\"><img loading=\"lazy\" decoding=\"async\" width=\"422\" height=\"591\" src=\"https:\/\/nathaliareboucas.com.br\/wp-content\/uploads\/2023\/04\/005_sf.png\" alt=\"\" class=\"wp-image-183\" srcset=\"https:\/\/nathaliareboucas.com.br\/wp-content\/uploads\/2023\/04\/005_sf.png 422w, https:\/\/nathaliareboucas.com.br\/wp-content\/uploads\/2023\/04\/005_sf-214x300.png 214w\" sizes=\"auto, (max-width: 422px) 100vw, 422px\" \/><\/figure><\/div>\n\n\n<p>Nathalia Rebou\u00e7as \u00e9 formada em comunica\u00e7\u00e3o social pela UERN em 2009 e p\u00f3s-graduanda em jornalismo investigativo pela UNP.<\/p>\n\n\n\n<p>J\u00e1 passou pelos ve\u00edculos Jornal De Fato, TCM, TV Tropical (afiliada Rede Record), Super TV, 93FM, al\u00e9m de ag\u00eancias de comunica\u00e7\u00e3o e comunica\u00e7\u00e3o institucional da Prefeitura de Mossor\u00f3 e campanhas pol\u00edticas.<\/p>\n\n\n\n<p>Atua nas \u00e1reas de reportagem de TV, apresenta\u00e7\u00e3o de telejornal, assessoria de comunica\u00e7\u00e3o e marketing pessoal e empresarial.<\/p>\n\n\n\n<p>Atualmente \u00e9 apresentadora e rep\u00f3rter do telejornal TCM Not\u00edcias.<\/p>\n","protected":false},"excerpt":{"rendered":"<p>Nathalia Rebou&ccedil;as &eacute; formada em comunica&ccedil;&atilde;o social pela UERN em 2009 e p&oacute;s-graduanda em jornalismo investigativo pela UNP. J&aacute; passou pelos ve&iacute;culos Jornal De Fato, TCM, TV Tropical (afiliada Rede Record), Super TV, 93FM, al&eacute;m de ag&ecirc;ncias de comunica&ccedil;&atilde;o e comunica&ccedil;&atilde;o institucional da Prefeitura de Mossor&oacute; e campanhas pol&iacute;ticas. Atua nas &aacute;reas de reportagem de&hellip;&nbsp;<a href=\"https:\/\/nathaliareboucas.com.br\/?page_id=131\" class=\"\" rel=\"bookmark\">Continue a ler &raquo;<span class=\"screen-reader-text\">Perfil<\/span><\/a><\/p>\n","protected":false},"author":1,"featured_media":0,"parent":0,"menu_order":0,"comment_status":"closed","ping_status":"closed","template":"","meta":{"neve_meta_sidebar":"","neve_meta_container":"","neve_meta_enable_content_width":"","neve_meta_content_width":0,"neve_meta_title_alignment":"","neve_meta_author_avatar":"","neve_post_elements_order":"","neve_meta_disable_header":"","neve_meta_disable_footer":"","neve_meta_disable_title":"","footnotes":""},"class_list":["post-131","page","type-page","status-publish","hentry"],"_links":{"self":[{"href":"https:\/\/nathaliareboucas.com.br\/index.php?rest_route=\/wp\/v2\/pages\/131","targetHints":{"allow":["GET"]}}],"collection":[{"href":"https:\/\/nathaliareboucas.com.br\/index.php?rest_route=\/wp\/v2\/pages"}],"about":[{"href":"https:\/\/nathaliareboucas.com.br\/index.php?rest_route=\/wp\/v2\/types\/page"}],"author":[{"embeddable":true,"href":"https:\/\/nathaliareboucas.com.br\/index.php?rest_route=\/wp\/v2\/users\/1"}],"replies":[{"embeddable":true,"href":"https:\/\/nathaliareboucas.com.br\/index.php?rest_route=%2Fwp%2Fv2%2Fcomments&post=131"}],"version-history":[{"count":8,"href":"https:\/\/nathaliareboucas.com.br\/index.php?rest_route=\/wp\/v2\/pages\/131\/revisions"}],"predecessor-version":[{"id":289,"href":"https:\/\/nathaliareboucas.com.br\/index.php?rest_route=\/wp\/v2\/pages\/131\/revisions\/289"}],"wp:attachment":[{"href":"https:\/\/nathaliareboucas.com.br\/index.php?rest_route=%2Fwp%2Fv2%2Fmedia&parent=131"}],"curies":[{"name":"wp","href":"https:\/\/api.w.org\/{rel}","templated":true}]}}